{"id":417,"date":"2023-02-07T23:54:47","date_gmt":"2023-02-07T23:54:47","guid":{"rendered":"https:\/\/daudacommonrailservicemaster.com\/?page_id=417"},"modified":"2023-03-16T16:38:29","modified_gmt":"2023-03-16T16:38:29","slug":"wishlist","status":"publish","type":"page","link":"https:\/\/daudacommonrailservicemaster.com\/fr\/wishlist\/","title":{"rendered":"Liste de souhaits"},"content":{"rendered":"<div data-elementor-type=\"wp-page\" data-elementor-id=\"417\" class=\"elementor elementor-417\" data-elementor-settings=\"{&quot;ha_cmc_init_switcher&quot;:&quot;no&quot;}\" data-elementor-post-type=\"page\">\n\t\t\t\t<div class=\"elementor-element elementor-element-04167f7 e-flex e-con-boxed e-con e-parent\" data-id=\"04167f7\" data-element_type=\"container\" data-settings=\"{&quot;background_background&quot;:&quot;classic&quot;,&quot;_ha_eqh_enable&quot;:false}\">\n\t\t\t\t\t<div class=\"e-con-inner\">\n\t\t\t\t<div class=\"elementor-element elementor-element-fd7f8cf elementor-invisible elementor-widget elementor-widget-heading\" data-id=\"fd7f8cf\" data-element_type=\"widget\" data-settings=\"{&quot;_animation&quot;:&quot;fadeInUp&quot;}\" data-widget_type=\"heading.default\">\n\t\t\t\t<div class=\"elementor-widget-container\">\n\t\t\t\t\t<h2 class=\"elementor-heading-title elementor-size-default\">Vos articles pr\u00e9f\u00e9r\u00e9s<\/h2>\t\t\t\t<\/div>\n\t\t\t\t<\/div>\n\t\t\t\t\t<\/div>\n\t\t\t\t<\/div>\n\t\t\t\t<section class=\"elementor-section elementor-top-section elementor-element elementor-element-84f8c65 elementor-section-boxed elementor-section-height-default elementor-section-height-default\" data-id=\"84f8c65\" data-element_type=\"section\" data-settings=\"{&quot;_ha_eqh_enable&quot;:false}\">\n\t\t\t\t\t\t<div class=\"elementor-container elementor-column-gap-default\">\n\t\t\t\t\t<div class=\"elementor-column elementor-col-100 elementor-top-column elementor-element elementor-element-5d4d1b1\" data-id=\"5d4d1b1\" data-element_type=\"column\">\n\t\t\t<div class=\"elementor-widget-wrap elementor-element-populated\">\n\t\t\t\t\t\t<div class=\"elementor-element elementor-element-2958e94 elementor-widget elementor-widget-jet-wishlist\" data-id=\"2958e94\" data-element_type=\"widget\" data-widget_type=\"jet-wishlist.default\">\n\t\t\t\t<div class=\"elementor-widget-container\">\n\t\t\t\t\t<div class=\"jet-cw jet-wishlist\">\t\t\t<div class=\"jet-wishlist__content woocommerce jet-wishlist-products--preset-2\" data-widget-type=\"jet-wishlist\" data-widget-id=\"2958e94\">\n\t\t\t\t<h5 class=\"jet-wishlist-empty\">Aucun produit n&#039;a \u00e9t\u00e9 ajout\u00e9 \u00e0 la liste de souhaits.<\/h5>\n\t\t\t<\/div>\n\t\t\t<\/div>\t\t\t\t<\/div>\n\t\t\t\t<\/div>\n\t\t\t\t\t<\/div>\n\t\t<\/div>\n\t\t\t\t\t<\/div>\n\t\t<\/section>\n\t\t\t\t<\/div>","protected":false},"excerpt":{"rendered":"<p>Vos articles favoris Aucun produit n&#039;a \u00e9t\u00e9 ajout\u00e9 \u00e0 la liste de souhaits.<\/p>","protected":false},"author":1,"featured_media":0,"parent":0,"menu_order":0,"comment_status":"closed","ping_status":"closed","template":"elementor_header_footer","meta":{"footnotes":""},"class_list":["post-417","page","type-page","status-publish","hentry"],"_links":{"self":[{"href":"https:\/\/daudacommonrailservicemaster.com\/fr\/wp-json\/wp\/v2\/pages\/417","targetHints":{"allow":["GET"]}}],"collection":[{"href":"https:\/\/daudacommonrailservicemaster.com\/fr\/wp-json\/wp\/v2\/pages"}],"about":[{"href":"https:\/\/daudacommonrailservicemaster.com\/fr\/wp-json\/wp\/v2\/types\/page"}],"author":[{"embeddable":true,"href":"https:\/\/daudacommonrailservicemaster.com\/fr\/wp-json\/wp\/v2\/users\/1"}],"replies":[{"embeddable":true,"href":"https:\/\/daudacommonrailservicemaster.com\/fr\/wp-json\/wp\/v2\/comments?post=417"}],"version-history":[{"count":0,"href":"https:\/\/daudacommonrailservicemaster.com\/fr\/wp-json\/wp\/v2\/pages\/417\/revisions"}],"wp:attachment":[{"href":"https:\/\/daudacommonrailservicemaster.com\/fr\/wp-json\/wp\/v2\/media?parent=417"}],"curies":[{"name":"wp","href":"https:\/\/api.w.org\/{rel}","templated":true}]}}