{"id":152,"date":"2023-02-06T00:37:55","date_gmt":"2023-02-06T00:37:55","guid":{"rendered":"https:\/\/daudacommonrailservicemaster.com\/?page_id=152"},"modified":"2025-06-25T10:52:57","modified_gmt":"2025-06-25T10:52:57","slug":"contact-us","status":"publish","type":"page","link":"https:\/\/daudacommonrailservicemaster.com\/fr\/contact-us\/","title":{"rendered":"Contactez-nous"},"content":{"rendered":"<div data-elementor-type=\"wp-page\" data-elementor-id=\"152\" class=\"elementor elementor-152\" data-elementor-settings=\"{&quot;ha_cmc_init_switcher&quot;:&quot;no&quot;}\" data-elementor-post-type=\"page\">\n\t\t\t\t<div class=\"elementor-element elementor-element-1edaa46 e-flex e-con-boxed e-con e-parent\" data-id=\"1edaa46\" data-element_type=\"container\" data-settings=\"{&quot;background_background&quot;:&quot;classic&quot;,&quot;_ha_eqh_enable&quot;:false}\">\n\t\t\t\t\t<div class=\"e-con-inner\">\n\t\t\t\t<div class=\"elementor-element elementor-element-30395bb elementor-invisible elementor-widget elementor-widget-heading\" data-id=\"30395bb\" data-element_type=\"widget\" data-settings=\"{&quot;_animation&quot;:&quot;fadeInUp&quot;}\" data-widget_type=\"heading.default\">\n\t\t\t\t<div class=\"elementor-widget-container\">\n\t\t\t\t\t<h2 class=\"elementor-heading-title elementor-size-default\">Entrer en contact<\/h2>\t\t\t\t<\/div>\n\t\t\t\t<\/div>\n\t\t\t\t<div class=\"elementor-element elementor-element-6224b6c elementor-icon-list--layout-inline animated-slow elementor-list-item-link-full_width elementor-invisible elementor-widget elementor-widget-icon-list\" data-id=\"6224b6c\" data-element_type=\"widget\" data-settings=\"{&quot;_animation&quot;:&quot;fadeInUp&quot;}\" data-widget_type=\"icon-list.default\">\n\t\t\t\t<div class=\"elementor-widget-container\">\n\t\t\t\t\t\t\t<ul class=\"elementor-icon-list-items elementor-inline-items\">\n\t\t\t\t\t\t\t<li class=\"elementor-icon-list-item elementor-inline-item\">\n\t\t\t\t\t\t\t\t\t\t\t<a href=\"https:\/\/daudacommonrailservicemaster.com\/fr\">\n\n\t\t\t\t\t\t\t\t\t\t\t<span class=\"elementor-icon-list-text\">Maison<\/span>\n\t\t\t\t\t\t\t\t\t\t\t<\/a>\n\t\t\t\t\t\t\t\t\t<\/li>\n\t\t\t\t\t\t\t\t<li class=\"elementor-icon-list-item elementor-inline-item\">\n\t\t\t\t\t\t\t\t\t\t\t<span class=\"elementor-icon-list-icon\">\n\t\t\t\t\t\t\t<i aria-hidden=\"true\" class=\"fas fa-slash\"><\/i>\t\t\t\t\t\t<\/span>\n\t\t\t\t\t\t\t\t\t\t<span class=\"elementor-icon-list-text\"><\/span>\n\t\t\t\t\t\t\t\t\t<\/li>\n\t\t\t\t\t\t\t\t<li class=\"elementor-icon-list-item elementor-inline-item\">\n\t\t\t\t\t\t\t\t\t\t<span class=\"elementor-icon-list-text\"><\/span>\n\t\t\t\t\t\t\t\t\t<\/li>\n\t\t\t\t\t\t<\/ul>\n\t\t\t\t\t\t<\/div>\n\t\t\t\t<\/div>\n\t\t\t\t\t<\/div>\n\t\t\t\t<\/div>\n\t\t<div class=\"elementor-element elementor-element-91404ae e-flex e-con-boxed e-con e-parent\" data-id=\"91404ae\" data-element_type=\"container\" data-settings=\"{&quot;_ha_eqh_enable&quot;:false}\">\n\t\t\t\t\t<div class=\"e-con-inner\">\n\t\t<div class=\"elementor-element elementor-element-f545a0e e-con-full e-flex elementor-invisible e-con e-child\" data-id=\"f545a0e\" data-element_type=\"container\" data-settings=\"{&quot;background_background&quot;:&quot;classic&quot;,&quot;animation&quot;:&quot;fadeInUp&quot;,&quot;_ha_eqh_enable&quot;:false}\">\n\t\t\t\t<div class=\"elementor-element elementor-element-e48a67f elementor-widget-mobile__width-inherit elementor-invisible elementor-widget elementor-widget-heading\" data-id=\"e48a67f\" data-element_type=\"widget\" data-settings=\"{&quot;_animation&quot;:&quot;fadeInUp&quot;}\" data-widget_type=\"heading.default\">\n\t\t\t\t<div class=\"elementor-widget-container\">\n\t\t\t\t\t<h2 class=\"elementor-heading-title elementor-size-default\">Entrer en contact<\/h2>\t\t\t\t<\/div>\n\t\t\t\t<\/div>\n\t\t\t\t<div class=\"elementor-element elementor-element-f342f53 elementor-widget elementor-widget-text-editor\" data-id=\"f342f53\" data-element_type=\"widget\" data-widget_type=\"text-editor.default\">\n\t\t\t\t<div class=\"elementor-widget-container\">\n\t\t\t\t\t\t\t\t\t<p><span class=\"sub-text\">Avez-vous des questions?<\/span> Nous voulons de vos nouvelles.<\/p>\t\t\t\t\t\t\t\t<\/div>\n\t\t\t\t<\/div>\n\t\t\t\t<div class=\"elementor-element elementor-element-7160a62 elementor-position-inline-start elementor-tablet-position-block-start elementor-widget-tablet__width-initial elementor-widget-mobile__width-inherit elementor-view-stacked elementor-shape-circle elementor-mobile-position-block-start elementor-invisible elementor-widget elementor-widget-icon-box\" data-id=\"7160a62\" data-element_type=\"widget\" data-settings=\"{&quot;_animation&quot;:&quot;fadeInUp&quot;}\" data-widget_type=\"icon-box.default\">\n\t\t\t\t<div class=\"elementor-widget-container\">\n\t\t\t\t\t\t\t<div class=\"elementor-icon-box-wrapper\">\n\n\t\t\t\t\t\t<div class=\"elementor-icon-box-icon\">\n\t\t\t\t<a href=\"tel:233532104061\" class=\"elementor-icon elementor-animation-grow\" tabindex=\"-1\" aria-label=\"Appelez-nous\">\n\t\t\t\t<svg xmlns=\"http:\/\/www.w3.org\/2000\/svg\" width=\"18\" height=\"18\" viewbox=\"0 0 18 18\" fill=\"none\"><path d=\"M13.6849 11.9076C13.0969 11.3271 12.3627 11.3271 11.7784 11.9076C11.3326 12.3496 10.8869 12.7916 10.4486 13.2411C10.3288 13.3647 10.2276 13.391 10.0815 13.3085C9.79312 13.1512 9.48598 13.0239 9.20879 12.8516C7.91652 12.0388 6.834 10.9937 5.8751 9.81754C5.39939 9.2332 4.97613 8.60767 4.68021 7.90347C4.62028 7.76114 4.63152 7.66749 4.74764 7.55138C5.19338 7.12062 5.62788 6.67862 6.06613 6.23663C6.67668 5.62233 6.67668 4.90315 6.06239 4.28511C5.71403 3.93301 5.36568 3.5884 5.01733 3.2363C4.65774 2.87671 4.3019 2.51338 3.93856 2.15754C3.35048 1.58444 2.61632 1.58444 2.03199 2.16128C1.5825 2.60328 1.15174 3.05651 0.694766 3.49101C0.2715 3.89181 0.0579936 4.38249 0.0130449 4.95559C-0.0581238 5.88828 0.170365 6.76852 0.492497 7.62629C1.15174 9.40176 2.1556 10.9787 3.37296 12.4246C5.01733 14.3798 6.98009 15.9268 9.27621 17.043C10.31 17.545 11.3813 17.9308 12.5462 17.9944C13.3478 18.0394 14.0445 17.8371 14.6026 17.2116C14.9847 16.7846 15.4155 16.395 15.82 15.9867C16.4193 15.3799 16.4231 14.6458 15.8275 14.0465C15.1158 13.331 14.4004 12.6193 13.6849 11.9076ZM12.9695 8.92231L14.3517 8.68633C14.1344 7.41653 13.5351 6.26659 12.6249 5.35264C11.6622 4.38999 10.4449 3.78318 9.10391 3.59589L8.90913 4.98556C9.9467 5.13164 10.8906 5.59985 11.636 6.34525C12.3402 7.04945 12.8009 7.94093 12.9695 8.92231ZM15.1308 2.91417C13.5351 1.31849 11.5162 0.310895 9.28745 0L9.09267 1.38966C11.018 1.65935 12.7635 2.53211 14.1419 3.90679C15.4492 5.21405 16.3069 6.86591 16.6178 8.68258L18 8.4466C17.6367 6.34151 16.644 4.43119 15.1308 2.91417Z\" fill=\"white\"><\/path><\/svg>\t\t\t\t<\/a>\n\t\t\t<\/div>\n\t\t\t\n\t\t\t\t\t\t<div class=\"elementor-icon-box-content\">\n\n\t\t\t\t\t\t\t\t\t<h3 class=\"elementor-icon-box-title\">\n\t\t\t\t\t\t<a href=\"tel:233532104061\" >\n\t\t\t\t\t\t\tAppelez-nous\t\t\t\t\t\t<\/a>\n\t\t\t\t\t<\/h3>\n\t\t\t\t\n\t\t\t\t\t\t\t\t\t<p class=\"elementor-icon-box-description\">\n\t\t\t\t\t\t<a href=\"tel:233551088992\"> +233 (0) 55 108 8992<\/a>  <br> \n<a href=\"tel:+233543683333\">+233 (0)  54 368 3333<\/a>\t\t\t\t\t<\/p>\n\t\t\t\t\n\t\t\t<\/div>\n\t\t\t\n\t\t<\/div>\n\t\t\t\t\t\t<\/div>\n\t\t\t\t<\/div>\n\t\t\t\t<div class=\"elementor-element elementor-element-78e4693 elementor-position-inline-start elementor-tablet-position-block-start elementor-widget-tablet__width-initial elementor-widget-mobile__width-inherit elementor-view-stacked elementor-shape-circle elementor-mobile-position-block-start elementor-invisible elementor-widget elementor-widget-icon-box\" data-id=\"78e4693\" data-element_type=\"widget\" data-settings=\"{&quot;_animation&quot;:&quot;fadeInUp&quot;}\" data-widget_type=\"icon-box.default\">\n\t\t\t\t<div class=\"elementor-widget-container\">\n\t\t\t\t\t\t\t<div class=\"elementor-icon-box-wrapper\">\n\n\t\t\t\t\t\t<div class=\"elementor-icon-box-icon\">\n\t\t\t\t<a href=\"mailto:info@daudacommonrailservice.com\" class=\"elementor-icon elementor-animation-grow\" tabindex=\"-1\" aria-label=\"Envoyez-nous un email\">\n\t\t\t\t<svg xmlns=\"http:\/\/www.w3.org\/2000\/svg\" width=\"19\" height=\"15\" viewbox=\"0 0 19 15\" fill=\"none\"><path d=\"M16.4184 14.583C16.8236 14.583 17.1748 14.4492 17.4733 14.185L12.3656 9.07714C12.2476 9.16161 12.1297 9.24635 12.0121 9.33137C11.6298 9.61299 11.3196 9.83274 11.0814 9.99021C10.8432 10.148 10.5263 10.3089 10.1307 10.4732C9.73488 10.6376 9.36609 10.7196 9.02399 10.7196H9.00396C8.66182 10.7196 8.29303 10.6376 7.89722 10.4732C7.5014 10.3089 7.18449 10.148 6.94654 9.99021C6.70835 9.83274 6.39829 9.61302 6.01586 9.33137C5.89876 9.24559 5.78125 9.16039 5.66331 9.07577L0.554663 14.185C0.853138 14.4492 1.20451 14.583 1.60972 14.583H16.4184ZM1.01621 5.86071C0.634003 5.6059 0.295072 5.31407 0 4.98535V12.7566L4.50188 8.25467C3.60125 7.62591 2.44083 6.82884 1.01621 5.86071ZM17.0221 5.86071C15.6519 6.78819 14.4872 7.58663 13.5281 8.25647L18.0282 12.7567V4.98535C17.7396 5.30746 17.4043 5.59909 17.0221 5.86071Z\" fill=\"white\"><\/path><path d=\"M16.4189 0.41748H1.61029C1.09366 0.41748 0.696466 0.591938 0.418219 0.940492C0.139742 1.28921 0.000732422 1.72532 0.000732422 2.24833C0.000732422 2.67079 0.185205 3.12854 0.553988 3.6217C0.92277 4.11466 1.31518 4.50187 1.73103 4.78353C1.95901 4.9446 2.64649 5.42254 3.79349 6.21718C4.33417 6.59165 4.87428 6.96691 5.41385 7.34297C5.75282 7.57902 6.09128 7.81578 6.42923 8.05327C6.46148 8.07589 6.51218 8.11216 6.57947 8.16027C6.65197 8.21235 6.74372 8.27843 6.8569 8.36016C7.07486 8.51779 7.25593 8.64522 7.40014 8.74256C7.54416 8.83993 7.71865 8.9487 7.92335 9.06948C8.12789 9.19009 8.3208 9.28079 8.50187 9.34111C8.68297 9.4014 8.85062 9.43165 9.00485 9.43165H9.02488C9.17908 9.43165 9.34676 9.4014 9.5279 9.34111C9.70893 9.28079 9.90169 9.19029 10.1064 9.06948C10.3109 8.9487 10.4852 8.8397 10.6296 8.74256C10.7738 8.64522 10.9549 8.51783 11.1729 8.36016C11.2859 8.27843 11.3776 8.21231 11.4501 8.16043C11.5001 8.12449 11.5502 8.08877 11.6005 8.05327C11.8193 7.90104 12.1602 7.66403 12.6186 7.34576C13.4527 6.76625 14.681 5.91331 16.3088 4.78353C16.7983 4.44158 17.2074 4.02894 17.5361 3.54619C17.8642 3.06344 18.0287 2.55705 18.0287 2.0272C18.0287 1.58451 17.8692 1.20571 17.5509 0.890217C17.2322 0.575114 16.8549 0.41748 16.4189 0.41748Z\" fill=\"white\"><\/path><\/svg>\t\t\t\t<\/a>\n\t\t\t<\/div>\n\t\t\t\n\t\t\t\t\t\t<div class=\"elementor-icon-box-content\">\n\n\t\t\t\t\t\t\t\t\t<h3 class=\"elementor-icon-box-title\">\n\t\t\t\t\t\t<a href=\"mailto:info@daudacommonrailservice.com\" >\n\t\t\t\t\t\t\tEnvoyez-nous un email\t\t\t\t\t\t<\/a>\n\t\t\t\t\t<\/h3>\n\t\t\t\t\n\t\t\t\t\t\t\t\t\t<p class=\"elementor-icon-box-description\">\n\t\t\t\t\t\tinfo@daudacommonrailservice.com\t\t\t\t\t<\/p>\n\t\t\t\t\n\t\t\t<\/div>\n\t\t\t\n\t\t<\/div>\n\t\t\t\t\t\t<\/div>\n\t\t\t\t<\/div>\n\t\t\t\t<div class=\"elementor-element elementor-element-60be3fb elementor-position-inline-start elementor-tablet-position-block-start elementor-widget-tablet__width-initial elementor-widget-mobile__width-inherit elementor-view-stacked elementor-shape-circle elementor-mobile-position-block-start elementor-invisible elementor-widget elementor-widget-icon-box\" data-id=\"60be3fb\" data-element_type=\"widget\" data-settings=\"{&quot;_animation&quot;:&quot;fadeInUp&quot;}\" data-widget_type=\"icon-box.default\">\n\t\t\t\t<div class=\"elementor-widget-container\">\n\t\t\t\t\t\t\t<div class=\"elementor-icon-box-wrapper\">\n\n\t\t\t\t\t\t<div class=\"elementor-icon-box-icon\">\n\t\t\t\t<a href=\"https:\/\/goo.gl\/maps\/fyVsmCV9BxMbMjgt6\" class=\"elementor-icon elementor-animation-grow\" tabindex=\"-1\" aria-label=\"Si\u00e8ge social\">\n\t\t\t\t<svg xmlns=\"http:\/\/www.w3.org\/2000\/svg\" width=\"18\" height=\"18\" viewbox=\"0 0 18 18\" fill=\"none\"><path d=\"M16.4647 12.62C16.2094 12.4797 15.8888 12.573 15.7486 12.8282C15.6084 13.0835 15.7016 13.4041 15.9569 13.5443C16.585 13.8894 16.9453 14.272 16.9453 14.594C16.9453 14.9877 16.3874 15.5981 14.8214 16.1301C13.2744 16.6557 11.2069 16.9452 9 16.9452C6.79307 16.9452 4.72563 16.6557 3.17858 16.1301C1.61262 15.5981 1.05469 14.9877 1.05469 14.594C1.05469 14.272 1.41497 13.8894 2.04314 13.5443C2.29841 13.4041 2.39164 13.0835 2.25141 12.8282C2.11117 12.573 1.79065 12.4797 1.53531 12.6199C0.834926 13.0047 0 13.6595 0 14.594C0 15.3102 0.492609 16.3315 2.83929 17.1287C4.49276 17.6905 6.68067 17.9999 9 17.9999C11.3193 17.9999 13.5072 17.6905 15.1607 17.1287C17.5074 16.3315 18 15.3102 18 14.594C18 13.6595 17.1651 13.0047 16.4647 12.62Z\" fill=\"white\"><\/path><path d=\"M5.01866 15.3677C6.08917 15.6701 7.50312 15.8367 9.00004 15.8367C10.497 15.8367 11.9109 15.6702 12.9814 15.3677C14.2911 14.9978 14.9552 14.4622 14.9552 13.776C14.9552 13.0898 14.2911 12.5543 12.9814 12.1844C12.6907 12.1022 12.3745 12.0302 12.0383 11.9688C11.8494 12.2949 11.6581 12.6196 11.4645 12.9429C11.8365 12.9987 12.1859 13.0671 12.5031 13.148C13.467 13.3935 13.8191 13.6698 13.8915 13.7761C13.8191 13.8823 13.467 14.1587 12.5032 14.4042C11.5909 14.6365 10.4172 14.7691 9.18099 14.7809C9.12078 14.7854 9.06042 14.7877 9.00004 14.7878C8.93925 14.7878 8.87896 14.7853 8.81905 14.7809C7.58286 14.7691 6.40913 14.6365 5.49686 14.4042C4.53302 14.1587 4.18093 13.8823 4.10854 13.7761C4.18093 13.6698 4.53305 13.3935 5.49689 13.148C5.81414 13.0672 6.16349 12.9987 6.53562 12.9429C6.33562 12.6089 6.14433 12.2841 5.96177 11.9688C5.6256 12.0302 5.30937 12.1022 5.01866 12.1844C3.70899 12.5543 3.04492 13.0898 3.04492 13.776C3.04492 14.4622 3.70899 14.9977 5.01866 15.3677Z\" fill=\"white\"><\/path><path d=\"M8.99984 13.7332C9.46929 13.7332 9.8957 13.494 10.1406 13.0933C11.8566 10.2859 13.902 6.58582 13.902 4.90215C13.902 2.19909 11.7029 0 8.99984 0C6.29675 0 4.09766 2.19909 4.09766 4.90215C4.09766 6.58582 6.14315 10.2859 7.85909 13.0933C8.10399 13.494 8.53044 13.7332 8.99984 13.7332ZM7.02944 4.56557C7.02944 3.47913 7.91338 2.59523 8.99984 2.59523C10.0863 2.59523 10.9702 3.47913 10.9702 4.56557C10.9702 5.65204 10.0863 6.53593 8.99984 6.53593C7.91338 6.53593 7.02944 5.65207 7.02944 4.56557Z\" fill=\"white\"><\/path><\/svg>\t\t\t\t<\/a>\n\t\t\t<\/div>\n\t\t\t\n\t\t\t\t\t\t<div class=\"elementor-icon-box-content\">\n\n\t\t\t\t\t\t\t\t\t<h3 class=\"elementor-icon-box-title\">\n\t\t\t\t\t\t<a href=\"https:\/\/goo.gl\/maps\/fyVsmCV9BxMbMjgt6\" >\n\t\t\t\t\t\t\tSi\u00e8ge social\t\t\t\t\t\t<\/a>\n\t\t\t\t\t<\/h3>\n\t\t\t\t\n\t\t\t\t\t\t\t\t\t<p class=\"elementor-icon-box-description\">\n\t\t\t\t\t\tWeija SCC, BLK F5 \/ 22, pr\u00e8s de DVLA, \u00e0 quelques unit\u00e9s de la caserne des pompiers Accra Ghana\t\t\t\t\t<\/p>\n\t\t\t\t\n\t\t\t<\/div>\n\t\t\t\n\t\t<\/div>\n\t\t\t\t\t\t<\/div>\n\t\t\t\t<\/div>\n\t\t\t\t<\/div>\n\t\t<div class=\"elementor-element elementor-element-e8f0028 e-con-full animated-slow e-flex elementor-invisible e-con e-child\" data-id=\"e8f0028\" data-element_type=\"container\" data-settings=\"{&quot;background_background&quot;:&quot;classic&quot;,&quot;animation&quot;:&quot;fadeInUp&quot;,&quot;_ha_eqh_enable&quot;:false}\">\n\t\t\t\t<div class=\"elementor-element elementor-element-c51ae90 elementor-button-align-start elementor-tablet-button-align-center elementor-widget elementor-widget-form\" data-id=\"c51ae90\" data-element_type=\"widget\" data-settings=\"{&quot;step_next_label&quot;:&quot;Next&quot;,&quot;step_previous_label&quot;:&quot;Previous&quot;,&quot;button_width&quot;:&quot;100&quot;,&quot;step_type&quot;:&quot;number_text&quot;,&quot;step_icon_shape&quot;:&quot;circle&quot;}\" data-widget_type=\"form.default\">\n\t\t\t\t<div class=\"elementor-widget-container\">\n\t\t\t\t\t\t\t<form class=\"elementor-form\" method=\"post\" name=\"New Form\" action=\"\">\n\t\t\t<input type=\"hidden\" name=\"post_id\" value=\"152\"\/>\n\t\t\t<input type=\"hidden\" name=\"form_id\" value=\"c51ae90\"\/>\n\t\t\t<input type=\"hidden\" name=\"referer_title\" value=\"\" \/>\n\n\t\t\t\n\t\t\t<div class=\"elementor-form-fields-wrapper elementor-labels-\">\n\t\t\t\t\t\t\t\t<div class=\"elementor-field-type-text elementor-field-group elementor-column elementor-field-group-fullname elementor-col-50\">\n\t\t\t\t\t\t\t\t\t\t\t\t<label for=\"form-field-fullname\" class=\"elementor-field-label elementor-screen-only\">\n\t\t\t\t\t\t\t\tNom et pr\u00e9nom\t\t\t\t\t\t\t<\/label>\n\t\t\t\t\t\t\t\t\t\t\t\t\t\t<input size=\"1\" type=\"text\" name=\"form_fields[fullname]\" id=\"form-field-fullname\" class=\"elementor-field elementor-size-md  elementor-field-textual\" placeholder=\"Nom et pr\u00e9nom*\">\n\t\t\t\t\t\t\t\t\t\t\t<\/div>\n\t\t\t\t\t\t\t\t<div class=\"elementor-field-type-email elementor-field-group elementor-column elementor-field-group-email elementor-col-50 elementor-field-required\">\n\t\t\t\t\t\t\t\t\t\t\t\t<label for=\"form-field-email\" class=\"elementor-field-label elementor-screen-only\">\n\t\t\t\t\t\t\t\tE-mail\t\t\t\t\t\t\t<\/label>\n\t\t\t\t\t\t\t\t\t\t\t\t\t\t<input size=\"1\" type=\"email\" name=\"form_fields[email]\" id=\"form-field-email\" class=\"elementor-field elementor-size-md  elementor-field-textual\" placeholder=\"E-mail\" required=\"required\">\n\t\t\t\t\t\t\t\t\t\t\t<\/div>\n\t\t\t\t\t\t\t\t<div class=\"elementor-field-type-text elementor-field-group elementor-column elementor-field-group-phonenumber elementor-col-50 elementor-field-required\">\n\t\t\t\t\t\t\t\t\t\t\t\t<label for=\"form-field-phonenumber\" class=\"elementor-field-label elementor-screen-only\">\n\t\t\t\t\t\t\t\tNum\u00e9ro de t\u00e9l\u00e9phone\t\t\t\t\t\t\t<\/label>\n\t\t\t\t\t\t\t\t\t\t\t\t\t\t<input size=\"1\" type=\"text\" name=\"form_fields[phonenumber]\" id=\"form-field-phonenumber\" class=\"elementor-field elementor-size-md  elementor-field-textual\" placeholder=\"Num\u00e9ro de t\u00e9l\u00e9phone*\" required=\"required\">\n\t\t\t\t\t\t\t\t\t\t\t<\/div>\n\t\t\t\t\t\t\t\t<div class=\"elementor-field-type-text elementor-field-group elementor-column elementor-field-group-subject elementor-col-50 elementor-field-required\">\n\t\t\t\t\t\t\t\t\t\t\t\t<label for=\"form-field-subject\" class=\"elementor-field-label elementor-screen-only\">\n\t\t\t\t\t\t\t\tSujet\t\t\t\t\t\t\t<\/label>\n\t\t\t\t\t\t\t\t\t\t\t\t\t\t<input size=\"1\" type=\"text\" name=\"form_fields[subject]\" id=\"form-field-subject\" class=\"elementor-field elementor-size-md  elementor-field-textual\" placeholder=\"Sujet\" required=\"required\">\n\t\t\t\t\t\t\t\t\t\t\t<\/div>\n\t\t\t\t\t\t\t\t<div class=\"elementor-field-type-textarea elementor-field-group elementor-column elementor-field-group-message elementor-col-100\">\n\t\t\t\t\t\t\t\t\t\t\t\t<label for=\"form-field-message\" class=\"elementor-field-label elementor-screen-only\">\n\t\t\t\t\t\t\t\tTapez votre message\t\t\t\t\t\t\t<\/label>\n\t\t\t\t\t\t<textarea class=\"elementor-field-textual elementor-field  elementor-size-md\" name=\"form_fields[message]\" id=\"form-field-message\" rows=\"4\" placeholder=\"Tapez votre message\"><\/textarea>\t\t\t\t<\/div>\n\t\t\t\t\t\t\t\t<div class=\"elementor-field-type-text\">\n\t\t\t\t\t<input size=\"1\" type=\"text\" name=\"form_fields[field_b3ae64d]\" id=\"form-field-field_b3ae64d\" class=\"elementor-field elementor-size-md\" style=\"display:none !important;\">\t\t\t\t<\/div>\n\t\t\t\t\t\t\t\t<div class=\"elementor-field-type-recaptcha_v3 elementor-field-group elementor-column elementor-field-group-field_069ff54 elementor-col-100 recaptcha_v3-bottomright\">\n\t\t\t\t\t<div class=\"elementor-field\" id=\"form-field-field_069ff54\"><div class=\"elementor-g-recaptcha\" data-sitekey=\"6Lcr2LAnAAAAACBRZCc52sjEVi-xWCFV3xCi1nm0\" data-type=\"v3\" data-action=\"Form\" data-badge=\"bottomright\" data-size=\"invisible\"><\/div><\/div>\t\t\t\t<\/div>\n\t\t\t\t\t\t\t\t<div class=\"elementor-field-group elementor-column elementor-field-type-submit elementor-col-100 e-form__buttons\">\n\t\t\t\t\t<button class=\"elementor-button elementor-size-lg elementor-animation-grow\" type=\"submit\">\n\t\t\t\t\t\t<span class=\"elementor-button-content-wrapper\">\n\t\t\t\t\t\t\t\t\t\t\t\t\t\t\t\t\t\t\t\t\t\t<span class=\"elementor-button-text\">Soumettre un message<\/span>\n\t\t\t\t\t\t\t\t\t\t\t\t\t<\/span>\n\t\t\t\t\t<\/button>\n\t\t\t\t<\/div>\n\t\t\t<\/div>\n\t\t<input type=\"hidden\" name=\"trp-form-language\" value=\"fr\"\/><\/form>\n\t\t\t\t\t\t<\/div>\n\t\t\t\t<\/div>\n\t\t\t\t<\/div>\n\t\t\t\t\t<\/div>\n\t\t\t\t<\/div>\n\t\t<div class=\"elementor-element elementor-element-b471bdd e-flex e-con-boxed e-con e-parent\" data-id=\"b471bdd\" data-element_type=\"container\" data-settings=\"{&quot;_ha_eqh_enable&quot;:false}\">\n\t\t\t\t\t<div class=\"e-con-inner\">\n\t\t\t\t<div class=\"elementor-element elementor-element-b4c8652 elementor-widget elementor-widget-google_maps\" data-id=\"b4c8652\" data-element_type=\"widget\" data-widget_type=\"google_maps.default\">\n\t\t\t\t<div class=\"elementor-widget-container\">\n\t\t\t\t\t\t\t<div class=\"elementor-custom-embed\">\n\t\t\t<iframe loading=\"lazy\"\n\t\t\t\t\tsrc=\"https:\/\/maps.google.com\/maps?q=%20Gicel%20Estates%20Inside%20SCC&#038;t=m&#038;z=10&#038;output=embed&#038;iwloc=near\"\n\t\t\t\t\ttitle=\" Gicel Estates \u00e0 l&#039;int\u00e9rieur de SCC\"\n\t\t\t\t\taria-label=\" Gicel Estates \u00e0 l&#039;int\u00e9rieur de SCC\"\n\t\t\t><\/iframe>\n\t\t<\/div>\n\t\t\t\t\t\t<\/div>\n\t\t\t\t<\/div>\n\t\t\t\t\t<\/div>\n\t\t\t\t<\/div>\n\t\t\t\t<\/div>","protected":false},"excerpt":{"rendered":"<p>Get In Touch Home Get In Touch Do you have any question? We want to hear from you. Call Us +233 (0) 55 108 8992 +233 (0) 54 368 3333 Email Us info@daudacommonrailservice.com Head Office Weija SCC, BLK F5\/22, Near DVLA, A few Unite away from the Fire Service Station Accra Ghana<\/p>","protected":false},"author":1,"featured_media":2327,"parent":0,"menu_order":0,"comment_status":"closed","ping_status":"closed","template":"elementor_header_footer","meta":{"footnotes":""},"class_list":["post-152","page","type-page","status-publish","has-post-thumbnail","hentry"],"_links":{"self":[{"href":"https:\/\/daudacommonrailservicemaster.com\/fr\/wp-json\/wp\/v2\/pages\/152","targetHints":{"allow":["GET"]}}],"collection":[{"href":"https:\/\/daudacommonrailservicemaster.com\/fr\/wp-json\/wp\/v2\/pages"}],"about":[{"href":"https:\/\/daudacommonrailservicemaster.com\/fr\/wp-json\/wp\/v2\/types\/page"}],"author":[{"embeddable":true,"href":"https:\/\/daudacommonrailservicemaster.com\/fr\/wp-json\/wp\/v2\/users\/1"}],"replies":[{"embeddable":true,"href":"https:\/\/daudacommonrailservicemaster.com\/fr\/wp-json\/wp\/v2\/comments?post=152"}],"version-history":[{"count":11,"href":"https:\/\/daudacommonrailservicemaster.com\/fr\/wp-json\/wp\/v2\/pages\/152\/revisions"}],"predecessor-version":[{"id":3152,"href":"https:\/\/daudacommonrailservicemaster.com\/fr\/wp-json\/wp\/v2\/pages\/152\/revisions\/3152"}],"wp:featuredmedia":[{"embeddable":true,"href":"https:\/\/daudacommonrailservicemaster.com\/fr\/wp-json\/wp\/v2\/media\/2327"}],"wp:attachment":[{"href":"https:\/\/daudacommonrailservicemaster.com\/fr\/wp-json\/wp\/v2\/media?parent=152"}],"curies":[{"name":"wp","href":"https:\/\/api.w.org\/{rel}","templated":true}]}}