{"id":14,"date":"2023-01-28T15:52:29","date_gmt":"2023-01-28T15:52:29","guid":{"rendered":"https:\/\/daudacommonrailservicemaster.com\/my-account\/"},"modified":"2023-03-16T16:34:50","modified_gmt":"2023-03-16T16:34:50","slug":"my-account","status":"publish","type":"page","link":"https:\/\/daudacommonrailservicemaster.com\/fr\/my-account\/","title":{"rendered":"Mon compte"},"content":{"rendered":"<div data-elementor-type=\"wp-page\" data-elementor-id=\"14\" class=\"elementor elementor-14\" data-elementor-settings=\"{&quot;ha_cmc_init_switcher&quot;:&quot;no&quot;}\" data-elementor-post-type=\"page\">\n\t\t\t\t<div class=\"elementor-element elementor-element-e9d9951 e-flex e-con-boxed e-con e-parent\" data-id=\"e9d9951\" data-element_type=\"container\" data-settings=\"{&quot;background_background&quot;:&quot;classic&quot;,&quot;_ha_eqh_enable&quot;:false}\">\n\t\t\t\t\t<div class=\"e-con-inner\">\n\t\t\t\t<div class=\"elementor-element elementor-element-d724c41 elementor-invisible elementor-widget elementor-widget-heading\" data-id=\"d724c41\" data-element_type=\"widget\" data-settings=\"{&quot;_animation&quot;:&quot;fadeInUp&quot;}\" data-widget_type=\"heading.default\">\n\t\t\t\t<div class=\"elementor-widget-container\">\n\t\t\t\t\t<h2 class=\"elementor-heading-title elementor-size-default\">Page de facturation<\/h2>\t\t\t\t<\/div>\n\t\t\t\t<\/div>\n\t\t\t\t\t<\/div>\n\t\t\t\t<\/div>\n\t\t<div class=\"elementor-element elementor-element-0261f5e e-flex e-con-boxed e-con e-parent\" data-id=\"0261f5e\" data-element_type=\"container\" data-settings=\"{&quot;_ha_eqh_enable&quot;:false}\">\n\t\t\t\t\t<div class=\"e-con-inner\">\n\t\t\t\t<div class=\"elementor-element elementor-element-4ef8171 e-my-account-tabs-horizontal elementor-widget__width-inherit elementor-invisible elementor-widget elementor-widget-woocommerce-my-account\" data-id=\"4ef8171\" data-element_type=\"widget\" data-settings=\"{&quot;customize_dashboard_check&quot;:&quot;yes&quot;,&quot;forms_buttons_hover_animation&quot;:&quot;grow&quot;,&quot;_animation&quot;:&quot;fadeInUp&quot;}\" data-widget_type=\"woocommerce-my-account.default\">\n\t\t\t\t<div class=\"elementor-widget-container\">\n\t\t\t\t\t<div class=\"e-my-account-tab e-my-account-tab__\">\t\t\t<div class=\"woocommerce\"><\/div>\t\t<\/div>\n\t\t\t\t\t\t<\/div>\n\t\t\t\t<\/div>\n\t\t\t\t\t<\/div>\n\t\t\t\t<\/div>\n\t\t\t\t<\/div>","protected":false},"excerpt":{"rendered":"<p>Tableau de bord de la page de facturation Adresses des commandes D\u00e9tails du compte Tableau de bord de d\u00e9connexion Adresses des commandes D\u00e9tails du compte D\u00e9connexion Bonjour administrateur principal du service (et non administrateur principal du service\u00a0? D\u00e9connectez-vous) \u00c0 partir du tableau de bord de votre compte, vous pouvez afficher vos commandes r\u00e9centes, g\u00e9rer vos adresses de livraison et de facturation, modifier votre mot de passe et d\u00e9tails du compte.<\/p>","protected":false},"author":1,"featured_media":0,"parent":0,"menu_order":0,"comment_status":"closed","ping_status":"closed","template":"elementor_header_footer","meta":{"footnotes":""},"class_list":["post-14","page","type-page","status-publish","hentry"],"_links":{"self":[{"href":"https:\/\/daudacommonrailservicemaster.com\/fr\/wp-json\/wp\/v2\/pages\/14","targetHints":{"allow":["GET"]}}],"collection":[{"href":"https:\/\/daudacommonrailservicemaster.com\/fr\/wp-json\/wp\/v2\/pages"}],"about":[{"href":"https:\/\/daudacommonrailservicemaster.com\/fr\/wp-json\/wp\/v2\/types\/page"}],"author":[{"embeddable":true,"href":"https:\/\/daudacommonrailservicemaster.com\/fr\/wp-json\/wp\/v2\/users\/1"}],"replies":[{"embeddable":true,"href":"https:\/\/daudacommonrailservicemaster.com\/fr\/wp-json\/wp\/v2\/comments?post=14"}],"version-history":[{"count":0,"href":"https:\/\/daudacommonrailservicemaster.com\/fr\/wp-json\/wp\/v2\/pages\/14\/revisions"}],"wp:attachment":[{"href":"https:\/\/daudacommonrailservicemaster.com\/fr\/wp-json\/wp\/v2\/media?parent=14"}],"curies":[{"name":"wp","href":"https:\/\/api.w.org\/{rel}","templated":true}]}}