{"id":127,"date":"2023-02-05T23:47:16","date_gmt":"2023-02-05T23:47:16","guid":{"rendered":"https:\/\/daudacommonrailservicemaster.com\/?page_id=127"},"modified":"2023-03-16T02:21:25","modified_gmt":"2023-03-16T02:21:25","slug":"our-team","status":"publish","type":"page","link":"https:\/\/daudacommonrailservicemaster.com\/fr\/our-team\/","title":{"rendered":"Notre \u00e9quipe"},"content":{"rendered":"<div data-elementor-type=\"wp-page\" data-elementor-id=\"127\" class=\"elementor elementor-127\" data-elementor-settings=\"{&quot;ha_cmc_init_switcher&quot;:&quot;no&quot;}\" data-elementor-post-type=\"page\">\n\t\t\t\t<div class=\"elementor-element elementor-element-0c27325 e-flex e-con-boxed e-con e-parent\" data-id=\"0c27325\" data-element_type=\"container\" data-settings=\"{&quot;background_background&quot;:&quot;classic&quot;,&quot;_ha_eqh_enable&quot;:false}\">\n\t\t\t\t\t<div class=\"e-con-inner\">\n\t\t\t\t<div class=\"elementor-element elementor-element-cd8c649 elementor-invisible elementor-widget elementor-widget-heading\" data-id=\"cd8c649\" data-element_type=\"widget\" data-settings=\"{&quot;_animation&quot;:&quot;fadeInUp&quot;}\" data-widget_type=\"heading.default\">\n\t\t\t\t<div class=\"elementor-widget-container\">\n\t\t\t\t\t<h2 class=\"elementor-heading-title elementor-size-default\">\u00c0 propos de l&#039;entreprise<\/h2>\t\t\t\t<\/div>\n\t\t\t\t<\/div>\n\t\t\t\t<div class=\"elementor-element elementor-element-2c13d3d elementor-icon-list--layout-inline animated-slow elementor-list-item-link-full_width elementor-invisible elementor-widget elementor-widget-icon-list\" data-id=\"2c13d3d\" data-element_type=\"widget\" data-settings=\"{&quot;_animation&quot;:&quot;fadeInUp&quot;}\" data-widget_type=\"icon-list.default\">\n\t\t\t\t<div class=\"elementor-widget-container\">\n\t\t\t\t\t\t\t<ul class=\"elementor-icon-list-items elementor-inline-items\">\n\t\t\t\t\t\t\t<li class=\"elementor-icon-list-item elementor-inline-item\">\n\t\t\t\t\t\t\t\t\t\t\t<a href=\"https:\/\/daudacommonrailservicemaster.com\/fr\">\n\n\t\t\t\t\t\t\t\t\t\t\t<span class=\"elementor-icon-list-text\">Maison<\/span>\n\t\t\t\t\t\t\t\t\t\t\t<\/a>\n\t\t\t\t\t\t\t\t\t<\/li>\n\t\t\t\t\t\t\t\t<li class=\"elementor-icon-list-item elementor-inline-item\">\n\t\t\t\t\t\t\t\t\t\t\t<span class=\"elementor-icon-list-icon\">\n\t\t\t\t\t\t\t<i aria-hidden=\"true\" class=\"fas fa-slash\"><\/i>\t\t\t\t\t\t<\/span>\n\t\t\t\t\t\t\t\t\t\t<span class=\"elementor-icon-list-text\"><\/span>\n\t\t\t\t\t\t\t\t\t<\/li>\n\t\t\t\t\t\t\t\t<li class=\"elementor-icon-list-item elementor-inline-item\">\n\t\t\t\t\t\t\t\t\t\t<span class=\"elementor-icon-list-text\">Qui nous sommes<\/span>\n\t\t\t\t\t\t\t\t\t<\/li>\n\t\t\t\t\t\t<\/ul>\n\t\t\t\t\t\t<\/div>\n\t\t\t\t<\/div>\n\t\t\t\t\t<\/div>\n\t\t\t\t<\/div>\n\t\t<div class=\"elementor-element elementor-element-ba819fa e-flex e-con-boxed e-con e-parent\" data-id=\"ba819fa\" data-element_type=\"container\" data-settings=\"{&quot;background_background&quot;:&quot;classic&quot;,&quot;_ha_eqh_enable&quot;:false}\">\n\t\t\t\t\t<div class=\"e-con-inner\">\n\t\t\t\t<div class=\"elementor-element elementor-element-8df0654 ha-advanced-tooltip-top ha-gb-stripe ha-gb-row ha-gb-right ha-gb-top ha-has-bg-overlay elementor-widget elementor-widget-jet-listing-grid\" data-id=\"8df0654\" data-element_type=\"widget\" data-settings=\"{&quot;columns&quot;:&quot;3&quot;,&quot;columns_laptop&quot;:&quot;3&quot;,&quot;columns_tablet&quot;:&quot;2&quot;,&quot;columns_mobile_extra&quot;:&quot;2&quot;,&quot;columns_mobile&quot;:&quot;1&quot;}\" data-widget_type=\"jet-listing-grid.default\">\n\t\t\t\t<div class=\"elementor-widget-container\">\n\t\t\t\t\t<div class=\"jet-listing-grid jet-listing\"><div class=\"jet-listing-grid__items grid-col-desk-3 grid-col-tablet-2 grid-col-mobile-1 jet-listing-grid--2232 jet-equal-columns__wrapper\" data-queried-id=\"127|WP_Post\" data-nav=\"{&quot;enabled&quot;:false,&quot;type&quot;:null,&quot;more_el&quot;:null,&quot;query&quot;:[],&quot;widget_settings&quot;:{&quot;lisitng_id&quot;:2232,&quot;posts_num&quot;:10,&quot;columns&quot;:3,&quot;columns_tablet&quot;:2,&quot;columns_mobile&quot;:1,&quot;is_archive_template&quot;:&quot;&quot;,&quot;post_status&quot;:[&quot;publish&quot;],&quot;use_random_posts_num&quot;:&quot;&quot;,&quot;max_posts_num&quot;:9,&quot;not_found_message&quot;:&quot;No data was found&quot;,&quot;is_masonry&quot;:false,&quot;equal_columns_height&quot;:&quot;yes&quot;,&quot;use_load_more&quot;:&quot;&quot;,&quot;load_more_id&quot;:&quot;&quot;,&quot;load_more_type&quot;:&quot;click&quot;,&quot;load_more_offset&quot;:{&quot;unit&quot;:&quot;px&quot;,&quot;size&quot;:0,&quot;sizes&quot;:[]},&quot;use_custom_post_types&quot;:&quot;&quot;,&quot;custom_post_types&quot;:[],&quot;hide_widget_if&quot;:&quot;&quot;,&quot;carousel_enabled&quot;:&quot;&quot;,&quot;slides_to_scroll&quot;:&quot;1&quot;,&quot;arrows&quot;:&quot;true&quot;,&quot;arrow_icon&quot;:&quot;fa fa-angle-left&quot;,&quot;dots&quot;:&quot;&quot;,&quot;autoplay&quot;:&quot;true&quot;,&quot;pause_on_hover&quot;:&quot;true&quot;,&quot;autoplay_speed&quot;:5000,&quot;infinite&quot;:&quot;true&quot;,&quot;center_mode&quot;:&quot;&quot;,&quot;effect&quot;:&quot;slide&quot;,&quot;speed&quot;:500,&quot;inject_alternative_items&quot;:&quot;&quot;,&quot;injection_items&quot;:[],&quot;scroll_slider_enabled&quot;:&quot;&quot;,&quot;scroll_slider_on&quot;:[&quot;desktop&quot;,&quot;tablet&quot;,&quot;mobile&quot;],&quot;custom_query&quot;:false,&quot;custom_query_id&quot;:&quot;&quot;,&quot;_element_id&quot;:&quot;&quot;,&quot;collapse_first_last_gap&quot;:false,&quot;list_items_wrapper_tag&quot;:&quot;div&quot;,&quot;list_item_tag&quot;:&quot;div&quot;,&quot;empty_items_wrapper_tag&quot;:&quot;div&quot;}}\" data-page=\"1\" data-pages=\"1\" data-listing-source=\"posts\" data-listing-id=\"2232\" data-query-id=\"\"><div class=\"jet-listing-grid__item jet-listing-dynamic-post-2230 jet-equal-columns\" data-post-id=\"2230\" >\t\t<div data-elementor-type=\"jet-listing-items\" data-elementor-id=\"2232\" class=\"elementor elementor-2232\" data-elementor-settings=\"{&quot;ha_cmc_init_switcher&quot;:&quot;no&quot;}\" data-elementor-post-type=\"jet-engine\">\n\t\t\t\t<div class=\"elementor-element elementor-element-cf64054 e-flex e-con-boxed e-con e-parent\" data-id=\"cf64054\" data-element_type=\"container\" data-settings=\"{&quot;_ha_eqh_enable&quot;:false}\">\n\t\t\t\t\t<div class=\"e-con-inner\">\n\t\t\t\t<div class=\"elementor-element elementor-element-8df9359 elementor-widget elementor-widget-theme-post-featured-image elementor-widget-image\" data-id=\"8df9359\" data-element_type=\"widget\" data-widget_type=\"theme-post-featured-image.default\">\n\t\t\t\t<div class=\"elementor-widget-container\">\n\t\t\t\t\t\t\t\t\t\t\t\t\t\t\t<img fetchpriority=\"high\" decoding=\"async\" width=\"831\" height=\"849\" src=\"https:\/\/daudacommonrailservicemaster.com\/wp-content\/uploads\/2023\/03\/Mr-Seidu-Dauda-Team-Profile-DAUDA-COMMON-RAIL-SERVICE-MASTER-min.jpg\" class=\"attachment-full size-full wp-image-2231\" alt=\"\" srcset=\"https:\/\/daudacommonrailservicemaster.com\/wp-content\/uploads\/2023\/03\/Mr-Seidu-Dauda-Team-Profile-DAUDA-COMMON-RAIL-SERVICE-MASTER-min.jpg 831w, https:\/\/daudacommonrailservicemaster.com\/wp-content\/uploads\/2023\/03\/Mr-Seidu-Dauda-Team-Profile-DAUDA-COMMON-RAIL-SERVICE-MASTER-min-294x300.jpg 294w, https:\/\/daudacommonrailservicemaster.com\/wp-content\/uploads\/2023\/03\/Mr-Seidu-Dauda-Team-Profile-DAUDA-COMMON-RAIL-SERVICE-MASTER-min-768x785.jpg 768w, https:\/\/daudacommonrailservicemaster.com\/wp-content\/uploads\/2023\/03\/Mr-Seidu-Dauda-Team-Profile-DAUDA-COMMON-RAIL-SERVICE-MASTER-min-12x12.jpg 12w, https:\/\/daudacommonrailservicemaster.com\/wp-content\/uploads\/2023\/03\/Mr-Seidu-Dauda-Team-Profile-DAUDA-COMMON-RAIL-SERVICE-MASTER-min-600x613.jpg 600w\" sizes=\"(max-width: 831px) 100vw, 831px\" \/>\t\t\t\t\t\t\t\t\t\t\t\t\t\t\t<\/div>\n\t\t\t\t<\/div>\n\t\t\t\t<div class=\"elementor-element elementor-element-741155b elementor-widget elementor-widget-icon-box\" data-id=\"741155b\" data-element_type=\"widget\" data-widget_type=\"icon-box.default\">\n\t\t\t\t<div class=\"elementor-widget-container\">\n\t\t\t\t\t\t\t<div class=\"elementor-icon-box-wrapper\">\n\n\t\t\t\n\t\t\t\t\t\t<div class=\"elementor-icon-box-content\">\n\n\t\t\t\t\t\t\t\t\t<h3 class=\"elementor-icon-box-title\">\n\t\t\t\t\t\t<span  >\n\t\t\t\t\t\t\tM. Seidu Dauda\t\t\t\t\t\t<\/span>\n\t\t\t\t\t<\/h3>\n\t\t\t\t\n\t\t\t\t\t\t\t\t\t<p class=\"elementor-icon-box-description\">\n\t\t\t\t\t\tDirecteur g\u00e9n\u00e9ral\t\t\t\t\t<\/p>\n\t\t\t\t\n\t\t\t<\/div>\n\t\t\t\n\t\t<\/div>\n\t\t\t\t\t\t<\/div>\n\t\t\t\t<\/div>\n\t\t\t\t\t<\/div>\n\t\t\t\t<\/div>\n\t\t\t\t<\/div>\n\t\t<\/div><div class=\"jet-listing-grid__item jet-listing-dynamic-post-2228 jet-equal-columns\" data-post-id=\"2228\" >\t\t<div data-elementor-type=\"jet-listing-items\" data-elementor-id=\"2232\" class=\"elementor elementor-2232\" data-elementor-settings=\"{&quot;ha_cmc_init_switcher&quot;:&quot;no&quot;}\" data-elementor-post-type=\"jet-engine\">\n\t\t\t\t<div class=\"elementor-element elementor-element-cf64054 e-flex e-con-boxed e-con e-parent\" data-id=\"cf64054\" data-element_type=\"container\" data-settings=\"{&quot;_ha_eqh_enable&quot;:false}\">\n\t\t\t\t\t<div class=\"e-con-inner\">\n\t\t\t\t<div class=\"elementor-element elementor-element-8df9359 elementor-widget elementor-widget-theme-post-featured-image elementor-widget-image\" data-id=\"8df9359\" data-element_type=\"widget\" data-widget_type=\"theme-post-featured-image.default\">\n\t\t\t\t<div class=\"elementor-widget-container\">\n\t\t\t\t\t\t\t\t\t\t\t\t\t\t\t<img decoding=\"async\" width=\"831\" height=\"849\" src=\"https:\/\/daudacommonrailservicemaster.com\/wp-content\/uploads\/2023\/03\/Mr-Abdul-Rauf-Manaf-Team-Profile-DAUDA-COMMON-RAIL-SERVICE-MASTER-min.jpg\" class=\"attachment-full size-full wp-image-2229\" alt=\"\" srcset=\"https:\/\/daudacommonrailservicemaster.com\/wp-content\/uploads\/2023\/03\/Mr-Abdul-Rauf-Manaf-Team-Profile-DAUDA-COMMON-RAIL-SERVICE-MASTER-min.jpg 831w, https:\/\/daudacommonrailservicemaster.com\/wp-content\/uploads\/2023\/03\/Mr-Abdul-Rauf-Manaf-Team-Profile-DAUDA-COMMON-RAIL-SERVICE-MASTER-min-294x300.jpg 294w, https:\/\/daudacommonrailservicemaster.com\/wp-content\/uploads\/2023\/03\/Mr-Abdul-Rauf-Manaf-Team-Profile-DAUDA-COMMON-RAIL-SERVICE-MASTER-min-768x785.jpg 768w, https:\/\/daudacommonrailservicemaster.com\/wp-content\/uploads\/2023\/03\/Mr-Abdul-Rauf-Manaf-Team-Profile-DAUDA-COMMON-RAIL-SERVICE-MASTER-min-12x12.jpg 12w, https:\/\/daudacommonrailservicemaster.com\/wp-content\/uploads\/2023\/03\/Mr-Abdul-Rauf-Manaf-Team-Profile-DAUDA-COMMON-RAIL-SERVICE-MASTER-min-600x613.jpg 600w\" sizes=\"(max-width: 831px) 100vw, 831px\" \/>\t\t\t\t\t\t\t\t\t\t\t\t\t\t\t<\/div>\n\t\t\t\t<\/div>\n\t\t\t\t<div class=\"elementor-element elementor-element-741155b elementor-widget elementor-widget-icon-box\" data-id=\"741155b\" data-element_type=\"widget\" data-widget_type=\"icon-box.default\">\n\t\t\t\t<div class=\"elementor-widget-container\">\n\t\t\t\t\t\t\t<div class=\"elementor-icon-box-wrapper\">\n\n\t\t\t\n\t\t\t\t\t\t<div class=\"elementor-icon-box-content\">\n\n\t\t\t\t\t\t\t\t\t<h3 class=\"elementor-icon-box-title\">\n\t\t\t\t\t\t<span  >\n\t\t\t\t\t\t\tM. Abdul Rauf Manaf\t\t\t\t\t\t<\/span>\n\t\t\t\t\t<\/h3>\n\t\t\t\t\n\t\t\t\t\t\t\t\t\t<p class=\"elementor-icon-box-description\">\n\t\t\t\t\t\tIng\u00e9nieur\t\t\t\t\t<\/p>\n\t\t\t\t\n\t\t\t<\/div>\n\t\t\t\n\t\t<\/div>\n\t\t\t\t\t\t<\/div>\n\t\t\t\t<\/div>\n\t\t\t\t\t<\/div>\n\t\t\t\t<\/div>\n\t\t\t\t<\/div>\n\t\t<\/div><div class=\"jet-listing-grid__item jet-listing-dynamic-post-2226 jet-equal-columns\" data-post-id=\"2226\" >\t\t<div data-elementor-type=\"jet-listing-items\" data-elementor-id=\"2232\" class=\"elementor elementor-2232\" data-elementor-settings=\"{&quot;ha_cmc_init_switcher&quot;:&quot;no&quot;}\" data-elementor-post-type=\"jet-engine\">\n\t\t\t\t<div class=\"elementor-element elementor-element-cf64054 e-flex e-con-boxed e-con e-parent\" data-id=\"cf64054\" data-element_type=\"container\" data-settings=\"{&quot;_ha_eqh_enable&quot;:false}\">\n\t\t\t\t\t<div class=\"e-con-inner\">\n\t\t\t\t<div class=\"elementor-element elementor-element-8df9359 elementor-widget elementor-widget-theme-post-featured-image elementor-widget-image\" data-id=\"8df9359\" data-element_type=\"widget\" data-widget_type=\"theme-post-featured-image.default\">\n\t\t\t\t<div class=\"elementor-widget-container\">\n\t\t\t\t\t\t\t\t\t\t\t\t\t\t\t<img decoding=\"async\" width=\"831\" height=\"849\" src=\"https:\/\/daudacommonrailservicemaster.com\/wp-content\/uploads\/2023\/03\/Mr-Yunusa-Kumbo-Team-Profile-DAUDA-COMMON-RAIL-SERVICE-MASTER-min.jpg\" class=\"attachment-full size-full wp-image-2227\" alt=\"\" srcset=\"https:\/\/daudacommonrailservicemaster.com\/wp-content\/uploads\/2023\/03\/Mr-Yunusa-Kumbo-Team-Profile-DAUDA-COMMON-RAIL-SERVICE-MASTER-min.jpg 831w, https:\/\/daudacommonrailservicemaster.com\/wp-content\/uploads\/2023\/03\/Mr-Yunusa-Kumbo-Team-Profile-DAUDA-COMMON-RAIL-SERVICE-MASTER-min-294x300.jpg 294w, https:\/\/daudacommonrailservicemaster.com\/wp-content\/uploads\/2023\/03\/Mr-Yunusa-Kumbo-Team-Profile-DAUDA-COMMON-RAIL-SERVICE-MASTER-min-768x785.jpg 768w, https:\/\/daudacommonrailservicemaster.com\/wp-content\/uploads\/2023\/03\/Mr-Yunusa-Kumbo-Team-Profile-DAUDA-COMMON-RAIL-SERVICE-MASTER-min-12x12.jpg 12w, https:\/\/daudacommonrailservicemaster.com\/wp-content\/uploads\/2023\/03\/Mr-Yunusa-Kumbo-Team-Profile-DAUDA-COMMON-RAIL-SERVICE-MASTER-min-600x613.jpg 600w\" sizes=\"(max-width: 831px) 100vw, 831px\" \/>\t\t\t\t\t\t\t\t\t\t\t\t\t\t\t<\/div>\n\t\t\t\t<\/div>\n\t\t\t\t<div class=\"elementor-element elementor-element-741155b elementor-widget elementor-widget-icon-box\" data-id=\"741155b\" data-element_type=\"widget\" data-widget_type=\"icon-box.default\">\n\t\t\t\t<div class=\"elementor-widget-container\">\n\t\t\t\t\t\t\t<div class=\"elementor-icon-box-wrapper\">\n\n\t\t\t\n\t\t\t\t\t\t<div class=\"elementor-icon-box-content\">\n\n\t\t\t\t\t\t\t\t\t<h3 class=\"elementor-icon-box-title\">\n\t\t\t\t\t\t<span  >\n\t\t\t\t\t\t\tM. Yunusa Kumbo\t\t\t\t\t\t<\/span>\n\t\t\t\t\t<\/h3>\n\t\t\t\t\n\t\t\t\t\t\t\t\t\t<p class=\"elementor-icon-box-description\">\n\t\t\t\t\t\tIng\u00e9nieur\t\t\t\t\t<\/p>\n\t\t\t\t\n\t\t\t<\/div>\n\t\t\t\n\t\t<\/div>\n\t\t\t\t\t\t<\/div>\n\t\t\t\t<\/div>\n\t\t\t\t\t<\/div>\n\t\t\t\t<\/div>\n\t\t\t\t<\/div>\n\t\t<\/div><div class=\"jet-listing-grid__item jet-listing-dynamic-post-2224 jet-equal-columns\" data-post-id=\"2224\" >\t\t<div data-elementor-type=\"jet-listing-items\" data-elementor-id=\"2232\" class=\"elementor elementor-2232\" data-elementor-settings=\"{&quot;ha_cmc_init_switcher&quot;:&quot;no&quot;}\" data-elementor-post-type=\"jet-engine\">\n\t\t\t\t<div class=\"elementor-element elementor-element-cf64054 e-flex e-con-boxed e-con e-parent\" data-id=\"cf64054\" data-element_type=\"container\" data-settings=\"{&quot;_ha_eqh_enable&quot;:false}\">\n\t\t\t\t\t<div class=\"e-con-inner\">\n\t\t\t\t<div class=\"elementor-element elementor-element-8df9359 elementor-widget elementor-widget-theme-post-featured-image elementor-widget-image\" data-id=\"8df9359\" data-element_type=\"widget\" data-widget_type=\"theme-post-featured-image.default\">\n\t\t\t\t<div class=\"elementor-widget-container\">\n\t\t\t\t\t\t\t\t\t\t\t\t\t\t\t<img loading=\"lazy\" decoding=\"async\" width=\"831\" height=\"849\" src=\"https:\/\/daudacommonrailservicemaster.com\/wp-content\/uploads\/2023\/03\/Mr-Johnson-Fuvie-Team-Profile-DAUDA-COMMON-RAIL-SERVICE-MASTER-min.jpg\" class=\"attachment-full size-full wp-image-2225\" alt=\"\" srcset=\"https:\/\/daudacommonrailservicemaster.com\/wp-content\/uploads\/2023\/03\/Mr-Johnson-Fuvie-Team-Profile-DAUDA-COMMON-RAIL-SERVICE-MASTER-min.jpg 831w, https:\/\/daudacommonrailservicemaster.com\/wp-content\/uploads\/2023\/03\/Mr-Johnson-Fuvie-Team-Profile-DAUDA-COMMON-RAIL-SERVICE-MASTER-min-294x300.jpg 294w, https:\/\/daudacommonrailservicemaster.com\/wp-content\/uploads\/2023\/03\/Mr-Johnson-Fuvie-Team-Profile-DAUDA-COMMON-RAIL-SERVICE-MASTER-min-768x785.jpg 768w, https:\/\/daudacommonrailservicemaster.com\/wp-content\/uploads\/2023\/03\/Mr-Johnson-Fuvie-Team-Profile-DAUDA-COMMON-RAIL-SERVICE-MASTER-min-12x12.jpg 12w, https:\/\/daudacommonrailservicemaster.com\/wp-content\/uploads\/2023\/03\/Mr-Johnson-Fuvie-Team-Profile-DAUDA-COMMON-RAIL-SERVICE-MASTER-min-600x613.jpg 600w\" sizes=\"(max-width: 831px) 100vw, 831px\" \/>\t\t\t\t\t\t\t\t\t\t\t\t\t\t\t<\/div>\n\t\t\t\t<\/div>\n\t\t\t\t<div class=\"elementor-element elementor-element-741155b elementor-widget elementor-widget-icon-box\" data-id=\"741155b\" data-element_type=\"widget\" data-widget_type=\"icon-box.default\">\n\t\t\t\t<div class=\"elementor-widget-container\">\n\t\t\t\t\t\t\t<div class=\"elementor-icon-box-wrapper\">\n\n\t\t\t\n\t\t\t\t\t\t<div class=\"elementor-icon-box-content\">\n\n\t\t\t\t\t\t\t\t\t<h3 class=\"elementor-icon-box-title\">\n\t\t\t\t\t\t<span  >\n\t\t\t\t\t\t\tM. Johnson Fuvie\t\t\t\t\t\t<\/span>\n\t\t\t\t\t<\/h3>\n\t\t\t\t\n\t\t\t\t\t\t\t\t\t<p class=\"elementor-icon-box-description\">\n\t\t\t\t\t\tIng\u00e9nieur \u00e9l\u00e9ctricien\t\t\t\t\t<\/p>\n\t\t\t\t\n\t\t\t<\/div>\n\t\t\t\n\t\t<\/div>\n\t\t\t\t\t\t<\/div>\n\t\t\t\t<\/div>\n\t\t\t\t\t<\/div>\n\t\t\t\t<\/div>\n\t\t\t\t<\/div>\n\t\t<\/div><\/div><\/div>\t\t\t\t<\/div>\n\t\t\t\t<\/div>\n\t\t\t\t\t<\/div>\n\t\t\t\t<\/div>\n\t\t\t\t<\/div>","protected":false},"excerpt":{"rendered":"<p>\u00c0 propos de l&#039;entreprise Accueil Qui nous sommes<\/p>","protected":false},"author":1,"featured_media":2365,"parent":0,"menu_order":0,"comment_status":"closed","ping_status":"closed","template":"elementor_header_footer","meta":{"footnotes":""},"class_list":["post-127","page","type-page","status-publish","has-post-thumbnail","hentry"],"_links":{"self":[{"href":"https:\/\/daudacommonrailservicemaster.com\/fr\/wp-json\/wp\/v2\/pages\/127","targetHints":{"allow":["GET"]}}],"collection":[{"href":"https:\/\/daudacommonrailservicemaster.com\/fr\/wp-json\/wp\/v2\/pages"}],"about":[{"href":"https:\/\/daudacommonrailservicemaster.com\/fr\/wp-json\/wp\/v2\/types\/page"}],"author":[{"embeddable":true,"href":"https:\/\/daudacommonrailservicemaster.com\/fr\/wp-json\/wp\/v2\/users\/1"}],"replies":[{"embeddable":true,"href":"https:\/\/daudacommonrailservicemaster.com\/fr\/wp-json\/wp\/v2\/comments?post=127"}],"version-history":[{"count":0,"href":"https:\/\/daudacommonrailservicemaster.com\/fr\/wp-json\/wp\/v2\/pages\/127\/revisions"}],"wp:featuredmedia":[{"embeddable":true,"href":"https:\/\/daudacommonrailservicemaster.com\/fr\/wp-json\/wp\/v2\/media\/2365"}],"wp:attachment":[{"href":"https:\/\/daudacommonrailservicemaster.com\/fr\/wp-json\/wp\/v2\/media?parent=127"}],"curies":[{"name":"wp","href":"https:\/\/api.w.org\/{rel}","templated":true}]}}